{"id":29,"date":"2020-07-22T12:16:08","date_gmt":"2020-07-22T12:16:08","guid":{"rendered":"http:\/\/senior.csongrad.hu\/wordpress\/?page_id=29"},"modified":"2022-06-15T07:22:21","modified_gmt":"2022-06-15T07:22:21","slug":"eredmeny","status":"publish","type":"page","link":"http:\/\/senior.csongrad.hu\/wordpress\/eredmeny\/","title":{"rendered":"Eredm\u00e9nyek"},"content":{"rendered":"\t\t<div data-elementor-type=\"wp-page\" data-elementor-id=\"29\" class=\"elementor elementor-29\">\n\t\t\t\t\t\t<section class=\"elementor-section elementor-top-section elementor-element elementor-element-c3d1338 elementor-section-boxed elementor-section-height-default elementor-section-height-default\" data-id=\"c3d1338\" data-element_type=\"section\">\n\t\t\t\t\t\t<div class=\"elementor-container elementor-column-gap-default\">\n\t\t\t\t\t<div class=\"elementor-column elementor-col-100 elementor-top-column elementor-element elementor-element-79557f8\" data-id=\"79557f8\" data-element_type=\"column\">\n\t\t\t<div class=\"elementor-widget-wrap elementor-element-populated\">\n\t\t\t\t\t\t<div class=\"elementor-element elementor-element-cef5cee elementor-widget elementor-widget-text-editor\" data-id=\"cef5cee\" data-element_type=\"widget\" data-widget_type=\"text-editor.default\">\n\t\t\t\t<div class=\"elementor-widget-container\">\n\t\t\t\t\t\t\t\t\t<h2>XV. Orsz\u00e1gos Csongr\u00e1di Senior \u00dasz\u00f3verseny<\/h2><div><b>A jegyz\u0151k\u00f6nyv <a href=\"http:\/\/senior.csongrad.hu\/senior\/Jegyz\u0151k\u00f6nyv 2022..pdf\" target=\"_blank\" rel=\"noopener\" data-wplink-url-error=\"true\">itt<\/a> let\u00f6lthet\u0151!<\/b><\/div>\t\t\t\t\t\t\t\t<\/div>\n\t\t\t\t<\/div>\n\t\t\t\t\t<\/div>\n\t\t<\/div>\n\t\t\t\t\t<\/div>\n\t\t<\/section>\n\t\t\t\t<section class=\"elementor-section elementor-top-section elementor-element elementor-element-b335a05 elementor-section-boxed elementor-section-height-default elementor-section-height-default\" data-id=\"b335a05\" data-element_type=\"section\">\n\t\t\t\t\t\t<div class=\"elementor-container elementor-column-gap-default\">\n\t\t\t\t\t<div class=\"elementor-column elementor-col-100 elementor-top-column elementor-element elementor-element-dbd968d\" data-id=\"dbd968d\" data-element_type=\"column\">\n\t\t\t<div class=\"elementor-widget-wrap elementor-element-populated\">\n\t\t\t\t\t\t<div class=\"elementor-element elementor-element-5703867 elementor-widget elementor-widget-image\" data-id=\"5703867\" data-element_type=\"widget\" data-widget_type=\"image.default\">\n\t\t\t\t<div class=\"elementor-widget-container\">\n\t\t\t\t\t\t\t\t\t\t\t\t\t\t\t<img fetchpriority=\"high\" decoding=\"async\" width=\"580\" height=\"387\" src=\"http:\/\/senior.csongrad.hu\/wordpress\/wp-content\/uploads\/2021\/08\/1-1024x683.jpg\" class=\"attachment-large size-large wp-image-447\" alt=\"\" srcset=\"http:\/\/senior.csongrad.hu\/wordpress\/wp-content\/uploads\/2021\/08\/1-1024x683.jpg 1024w, http:\/\/senior.csongrad.hu\/wordpress\/wp-content\/uploads\/2021\/08\/1-300x200.jpg 300w, http:\/\/senior.csongrad.hu\/wordpress\/wp-content\/uploads\/2021\/08\/1-768x512.jpg 768w, http:\/\/senior.csongrad.hu\/wordpress\/wp-content\/uploads\/2021\/08\/1-1536x1024.jpg 1536w, http:\/\/senior.csongrad.hu\/wordpress\/wp-content\/uploads\/2021\/08\/1-1200x800.jpg 1200w, http:\/\/senior.csongrad.hu\/wordpress\/wp-content\/uploads\/2021\/08\/1-1980x1320.jpg 1980w, http:\/\/senior.csongrad.hu\/wordpress\/wp-content\/uploads\/2021\/08\/1.jpg 2048w\" sizes=\"(max-width: 580px) 100vw, 580px\" \/>\t\t\t\t\t\t\t\t\t\t\t\t\t\t\t<\/div>\n\t\t\t\t<\/div>\n\t\t\t\t<div class=\"elementor-element elementor-element-83dcbd4 elementor-widget elementor-widget-heading\" data-id=\"83dcbd4\" data-element_type=\"widget\" data-widget_type=\"heading.default\">\n\t\t\t\t<div class=\"elementor-widget-container\">\n\t\t\t\t\t<h2 class=\"elementor-heading-title elementor-size-default\">VI. Sz\u0151l\u0151-D\u0171l\u0151 Fut\u00f3verseny jegyz\u0151k\u00f6nyve<\/h2>\t\t\t\t<\/div>\n\t\t\t\t<\/div>\n\t\t\t\t<div class=\"elementor-element elementor-element-f45aa1d elementor-widget elementor-widget-text-editor\" data-id=\"f45aa1d\" data-element_type=\"widget\" data-widget_type=\"text-editor.default\">\n\t\t\t\t<div class=\"elementor-widget-container\">\n\t\t\t\t\t\t\t\t\t<p><strong><a href=\"http:\/\/senior.csongrad.hu\/szolodulo\/szolodulobeszamolo2021.08.21..pdf\" target=\"_blank\" rel=\"noopener\" data-wplink-edit=\"true\">Itt let\u00f6lthet\u0151!<\/a><\/strong><\/p>\t\t\t\t\t\t\t\t<\/div>\n\t\t\t\t<\/div>\n\t\t\t\t\t<\/div>\n\t\t<\/div>\n\t\t\t\t\t<\/div>\n\t\t<\/section>\n\t\t\t\t<section class=\"elementor-section elementor-top-section elementor-element elementor-element-e3793ee elementor-section-boxed elementor-section-height-default elementor-section-height-default\" data-id=\"e3793ee\" data-element_type=\"section\">\n\t\t\t\t\t\t<div class=\"elementor-container elementor-column-gap-default\">\n\t\t\t\t\t<div class=\"elementor-column elementor-col-100 elementor-top-column elementor-element elementor-element-4edf6de\" data-id=\"4edf6de\" data-element_type=\"column\">\n\t\t\t<div class=\"elementor-widget-wrap elementor-element-populated\">\n\t\t\t\t\t\t<div class=\"elementor-element elementor-element-80b3405 elementor-widget elementor-widget-image\" data-id=\"80b3405\" data-element_type=\"widget\" data-widget_type=\"image.default\">\n\t\t\t\t<div class=\"elementor-widget-container\">\n\t\t\t\t\t\t\t\t\t\t\t\t\t\t\t<img decoding=\"async\" width=\"580\" height=\"326\" src=\"http:\/\/senior.csongrad.hu\/wordpress\/wp-content\/uploads\/2021\/07\/sehazzugilogo_presentation-1024x576.png\" class=\"attachment-large size-large wp-image-352\" alt=\"\" srcset=\"http:\/\/senior.csongrad.hu\/wordpress\/wp-content\/uploads\/2021\/07\/sehazzugilogo_presentation-1024x576.png 1024w, http:\/\/senior.csongrad.hu\/wordpress\/wp-content\/uploads\/2021\/07\/sehazzugilogo_presentation-300x169.png 300w, http:\/\/senior.csongrad.hu\/wordpress\/wp-content\/uploads\/2021\/07\/sehazzugilogo_presentation-768x432.png 768w, http:\/\/senior.csongrad.hu\/wordpress\/wp-content\/uploads\/2021\/07\/sehazzugilogo_presentation-1536x864.png 1536w, http:\/\/senior.csongrad.hu\/wordpress\/wp-content\/uploads\/2021\/07\/sehazzugilogo_presentation-1200x675.png 1200w, http:\/\/senior.csongrad.hu\/wordpress\/wp-content\/uploads\/2021\/07\/sehazzugilogo_presentation.png 1920w\" sizes=\"(max-width: 580px) 100vw, 580px\" \/>\t\t\t\t\t\t\t\t\t\t\t\t\t\t\t<\/div>\n\t\t\t\t<\/div>\n\t\t\t\t<div class=\"elementor-element elementor-element-28f7b91 elementor-widget elementor-widget-text-editor\" data-id=\"28f7b91\" data-element_type=\"widget\" data-widget_type=\"text-editor.default\">\n\t\t\t\t<div class=\"elementor-widget-container\">\n\t\t\t\t\t\t\t\t\t<h3>Serh\u00e1zzugi \u00fasz\u00f3verseny jegyz\u0151k\u00f6nyve<\/h3><p><strong><a href=\"http:\/\/senior.csongrad.hu\/serhazzug\/Jegyz\u0151k\u00f6nyv teljes 2021 08 01.pdf\" data-wplink-url-error=\"true\">Jegyz\u0151k\u00f6nyv<\/a><\/strong><\/p>\t\t\t\t\t\t\t\t<\/div>\n\t\t\t\t<\/div>\n\t\t\t\t\t<\/div>\n\t\t<\/div>\n\t\t\t\t\t<\/div>\n\t\t<\/section>\n\t\t\t\t<section class=\"elementor-section elementor-top-section elementor-element elementor-element-b705163 elementor-section-boxed elementor-section-height-default elementor-section-height-default\" data-id=\"b705163\" data-element_type=\"section\">\n\t\t\t\t\t\t<div class=\"elementor-container elementor-column-gap-default\">\n\t\t\t\t\t<div class=\"elementor-column elementor-col-100 elementor-top-column elementor-element elementor-element-a014721\" data-id=\"a014721\" data-element_type=\"column\">\n\t\t\t<div class=\"elementor-widget-wrap elementor-element-populated\">\n\t\t\t\t\t\t<div class=\"elementor-element elementor-element-dc8f5db elementor-widget elementor-widget-text-editor\" data-id=\"dc8f5db\" data-element_type=\"widget\" data-widget_type=\"text-editor.default\">\n\t\t\t\t<div class=\"elementor-widget-container\">\n\t\t\t\t\t\t\t\t\t<p><img decoding=\"async\" class=\"alignnone wp-image-306 size-large\" src=\"https:\/\/senior.csongrad.hu\/wordpress\/wp-content\/uploads\/2021\/06\/banner-1024x349.png\" alt=\"\" width=\"580\" height=\"198\" srcset=\"http:\/\/senior.csongrad.hu\/wordpress\/wp-content\/uploads\/2021\/06\/banner-1024x349.png 1024w, http:\/\/senior.csongrad.hu\/wordpress\/wp-content\/uploads\/2021\/06\/banner-300x102.png 300w, http:\/\/senior.csongrad.hu\/wordpress\/wp-content\/uploads\/2021\/06\/banner-768x261.png 768w, http:\/\/senior.csongrad.hu\/wordpress\/wp-content\/uploads\/2021\/06\/banner-1536x523.png 1536w, http:\/\/senior.csongrad.hu\/wordpress\/wp-content\/uploads\/2021\/06\/banner-2048x697.png 2048w, http:\/\/senior.csongrad.hu\/wordpress\/wp-content\/uploads\/2021\/06\/banner-1200x408.png 1200w, http:\/\/senior.csongrad.hu\/wordpress\/wp-content\/uploads\/2021\/06\/banner-1980x674.png 1980w\" sizes=\"(max-width: 580px) 100vw, 580px\" \/><\/p><p>Jegyz\u0151k\u00f6nyv<\/p><h3>Fitt, Eg\u00e9szs\u00e9ges Nemzet\u00e9rt T\u00e1rt Kapus Program jegyz\u0151k\u00f6nyve<\/h3><p><a href=\"http:\/\/senior.csongrad.hu\/senior\/csongr\u00e1d_20210626-27_jegyz\u0151k\u00f6nyv.pdf\" data-wplink-edit=\"true\"><strong>Let\u00f6lt\u00e9s itt!<\/strong><\/a><\/p>\t\t\t\t\t\t\t\t<\/div>\n\t\t\t\t<\/div>\n\t\t\t\t\t<\/div>\n\t\t<\/div>\n\t\t\t\t\t<\/div>\n\t\t<\/section>\n\t\t\t\t<section class=\"elementor-section elementor-top-section elementor-element elementor-element-3e9fff5 elementor-section-boxed elementor-section-height-default elementor-section-height-default\" data-id=\"3e9fff5\" data-element_type=\"section\">\n\t\t\t\t\t\t<div class=\"elementor-container elementor-column-gap-default\">\n\t\t\t\t\t<div class=\"elementor-column elementor-col-100 elementor-top-column elementor-element elementor-element-78b0d52\" data-id=\"78b0d52\" data-element_type=\"column\">\n\t\t\t<div class=\"elementor-widget-wrap elementor-element-populated\">\n\t\t\t\t\t\t<div class=\"elementor-element elementor-element-1c52bab elementor-widget elementor-widget-image\" data-id=\"1c52bab\" data-element_type=\"widget\" data-widget_type=\"image.default\">\n\t\t\t\t<div class=\"elementor-widget-container\">\n\t\t\t\t\t\t\t\t\t\t\t\t\t\t\t<img loading=\"lazy\" decoding=\"async\" width=\"580\" height=\"240\" src=\"http:\/\/senior.csongrad.hu\/wordpress\/wp-content\/uploads\/2020\/07\/generic_swim_3-1024x424.jpg\" class=\"attachment-large size-large wp-image-93\" alt=\"\" srcset=\"http:\/\/senior.csongrad.hu\/wordpress\/wp-content\/uploads\/2020\/07\/generic_swim_3-1024x424.jpg 1024w, http:\/\/senior.csongrad.hu\/wordpress\/wp-content\/uploads\/2020\/07\/generic_swim_3-300x124.jpg 300w, http:\/\/senior.csongrad.hu\/wordpress\/wp-content\/uploads\/2020\/07\/generic_swim_3-768x318.jpg 768w, http:\/\/senior.csongrad.hu\/wordpress\/wp-content\/uploads\/2020\/07\/generic_swim_3.jpg 1170w\" sizes=\"(max-width: 580px) 100vw, 580px\" \/>\t\t\t\t\t\t\t\t\t\t\t\t\t\t\t<\/div>\n\t\t\t\t<\/div>\n\t\t\t\t\t<\/div>\n\t\t<\/div>\n\t\t\t\t\t<\/div>\n\t\t<\/section>\n\t\t\t\t<section class=\"elementor-section elementor-top-section elementor-element elementor-element-4ea4725 elementor-section-boxed elementor-section-height-default elementor-section-height-default\" data-id=\"4ea4725\" data-element_type=\"section\">\n\t\t\t\t\t\t<div class=\"elementor-container elementor-column-gap-default\">\n\t\t\t\t\t<div class=\"elementor-column elementor-col-100 elementor-top-column elementor-element elementor-element-3fc6eaa\" data-id=\"3fc6eaa\" data-element_type=\"column\">\n\t\t\t<div class=\"elementor-widget-wrap elementor-element-populated\">\n\t\t\t\t\t\t<div class=\"elementor-element elementor-element-2f989eb elementor-widget elementor-widget-text-editor\" data-id=\"2f989eb\" data-element_type=\"widget\" data-widget_type=\"text-editor.default\">\n\t\t\t\t<div class=\"elementor-widget-container\">\n\t\t\t\t\t\t\t\t\t<p><a href=\"https:\/\/senior.csongrad.hu\/wordpress\/wp-content\/uploads\/2020\/08\/Jegyz\u0151k\u00f6nyv-jav.pdf\"><strong><br \/>XIII. Csongr\u00e1d Orsz\u00e1gos Senior \u00dasz\u00f3verseny (2020) <\/strong><\/a><strong><a href=\"https:\/\/senior.csongrad.hu\/wordpress\/wp-content\/uploads\/2020\/08\/Jegyz\u0151k\u00f6nyv-jav.pdf\">Jegyz\u0151k\u00f6nyv<\/a><\/strong><\/p><p><a href=\"https:\/\/senior.csongrad.hu\/wordpress\/wp-content\/uploads\/2020\/09\/Csongr\u00e1d_Jegyz\u0151k\u00f6nyv_2020_09_05_06.pdf\" data-wplink-edit=\"true\"><strong>itt let\u00f6lthet\u0151!<\/strong><\/a><\/p>\t\t\t\t\t\t\t\t<\/div>\n\t\t\t\t<\/div>\n\t\t\t\t\t<\/div>\n\t\t<\/div>\n\t\t\t\t\t<\/div>\n\t\t<\/section>\n\t\t\t\t<section class=\"elementor-section elementor-top-section elementor-element elementor-element-76207f9 elementor-section-boxed elementor-section-height-default elementor-section-height-default\" data-id=\"76207f9\" data-element_type=\"section\">\n\t\t\t\t\t\t<div class=\"elementor-container elementor-column-gap-default\">\n\t\t\t\t\t<div class=\"elementor-column elementor-col-100 elementor-top-column elementor-element elementor-element-40a59e3\" data-id=\"40a59e3\" data-element_type=\"column\">\n\t\t\t<div class=\"elementor-widget-wrap elementor-element-populated\">\n\t\t\t\t\t\t<div class=\"elementor-element elementor-element-4d94a6a elementor-widget elementor-widget-text-editor\" data-id=\"4d94a6a\" data-element_type=\"widget\" data-widget_type=\"text-editor.default\">\n\t\t\t\t<div class=\"elementor-widget-container\">\n\t\t\t\t\t\t\t\t\t<p><a href=\"https:\/\/senior.csongrad.hu\/wordpress\/wp-content\/uploads\/2020\/08\/Jegyz\u0151k\u00f6nyv-jav.pdf\"><strong>VII. Serh\u00e1zzugi Hossz\u00fat\u00e1v\u00fasz\u00f3 <\/strong><strong>Verseny jegyz\u0151k\u00f6nyve (2020) itt!<\/strong><\/a><\/p><p>\u00a0<\/p>\t\t\t\t\t\t\t\t<\/div>\n\t\t\t\t<\/div>\n\t\t\t\t\t<\/div>\n\t\t<\/div>\n\t\t\t\t\t<\/div>\n\t\t<\/section>\n\t\t\t\t<\/div>\n\t\t","protected":false},"excerpt":{"rendered":"<p>XV. Orsz\u00e1gos Csongr\u00e1di Senior \u00dasz\u00f3verseny A jegyz\u0151k\u00f6nyv itt let\u00f6lthet\u0151! VI. Sz\u0151l\u0151-D\u0171l\u0151 Fut\u00f3verseny jegyz\u0151k\u00f6nyve Itt let\u00f6lthet\u0151! Serh\u00e1zzugi \u00fasz\u00f3verseny jegyz\u0151k\u00f6nyve Jegyz\u0151k\u00f6nyv Jegyz\u0151k\u00f6nyv Fitt, Eg\u00e9szs\u00e9ges Nemzet\u00e9rt T\u00e1rt Kapus Program jegyz\u0151k\u00f6nyve Let\u00f6lt\u00e9s itt! XIII. Csongr\u00e1d Orsz\u00e1gos Senior \u00dasz\u00f3verseny (2020) Jegyz\u0151k\u00f6nyv itt let\u00f6lthet\u0151! VII. Serh\u00e1zzugi Hossz\u00fat\u00e1v\u00fasz\u00f3 Verseny jegyz\u0151k\u00f6nyve (2020) itt! \u00a0<\/p>\n","protected":false},"author":1,"featured_media":0,"parent":0,"menu_order":0,"comment_status":"closed","ping_status":"closed","template":"templates\/template-full-width.php","meta":{"footnotes":""},"class_list":["post-29","page","type-page","status-publish","hentry"],"_links":{"self":[{"href":"http:\/\/senior.csongrad.hu\/wordpress\/wp-json\/wp\/v2\/pages\/29","targetHints":{"allow":["GET"]}}],"collection":[{"href":"http:\/\/senior.csongrad.hu\/wordpress\/wp-json\/wp\/v2\/pages"}],"about":[{"href":"http:\/\/senior.csongrad.hu\/wordpress\/wp-json\/wp\/v2\/types\/page"}],"author":[{"embeddable":true,"href":"http:\/\/senior.csongrad.hu\/wordpress\/wp-json\/wp\/v2\/users\/1"}],"replies":[{"embeddable":true,"href":"http:\/\/senior.csongrad.hu\/wordpress\/wp-json\/wp\/v2\/comments?post=29"}],"version-history":[{"count":27,"href":"http:\/\/senior.csongrad.hu\/wordpress\/wp-json\/wp\/v2\/pages\/29\/revisions"}],"predecessor-version":[{"id":593,"href":"http:\/\/senior.csongrad.hu\/wordpress\/wp-json\/wp\/v2\/pages\/29\/revisions\/593"}],"wp:attachment":[{"href":"http:\/\/senior.csongrad.hu\/wordpress\/wp-json\/wp\/v2\/media?parent=29"}],"curies":[{"name":"wp","href":"https:\/\/api.w.org\/{rel}","templated":true}]}}