{"id":35,"date":"2020-07-22T12:17:13","date_gmt":"2020-07-22T12:17:13","guid":{"rendered":"http:\/\/senior.csongrad.hu\/wordpress\/?page_id=35"},"modified":"2020-10-30T07:30:41","modified_gmt":"2020-10-30T07:30:41","slug":"versenyek","status":"publish","type":"page","link":"http:\/\/senior.csongrad.hu\/wordpress\/versenyek\/","title":{"rendered":"T\u00e1mogat\u00f3k"},"content":{"rendered":"\t\t<div data-elementor-type=\"wp-page\" data-elementor-id=\"35\" class=\"elementor elementor-35\">\n\t\t\t\t\t\t<section class=\"elementor-section elementor-top-section elementor-element elementor-element-7f240271 elementor-section-height-min-height elementor-section-boxed elementor-section-height-default elementor-section-items-middle\" data-id=\"7f240271\" data-element_type=\"section\">\n\t\t\t\t\t\t<div class=\"elementor-container elementor-column-gap-default\">\n\t\t\t\t\t<div class=\"elementor-column elementor-col-100 elementor-top-column elementor-element elementor-element-785b5f8f\" data-id=\"785b5f8f\" data-element_type=\"column\">\n\t\t\t<div class=\"elementor-widget-wrap elementor-element-populated\">\n\t\t\t\t\t\t<div class=\"elementor-element elementor-element-3644955 elementor-widget elementor-widget-heading\" data-id=\"3644955\" data-element_type=\"widget\" data-widget_type=\"heading.default\">\n\t\t\t\t<div class=\"elementor-widget-container\">\n\t\t\t\t\t<h2 class=\"elementor-heading-title elementor-size-default\">T\u00e1mogat\u00f3ink<\/h2>\t\t\t\t<\/div>\n\t\t\t\t<\/div>\n\t\t\t\t<div class=\"elementor-element elementor-element-29fcc117 elementor-widget elementor-widget-text-editor\" data-id=\"29fcc117\" data-element_type=\"widget\" data-widget_type=\"text-editor.default\">\n\t\t\t\t<div class=\"elementor-widget-container\">\n\t\t\t\t\t\t\t\t\t&nbsp;\r\n\r\n&nbsp;\t\t\t\t\t\t\t\t<\/div>\n\t\t\t\t<\/div>\n\t\t\t\t\t<\/div>\n\t\t<\/div>\n\t\t\t\t\t<\/div>\n\t\t<\/section>\n\t\t\t\t<section class=\"elementor-section elementor-top-section elementor-element elementor-element-62e28a3 elementor-section-boxed elementor-section-height-default elementor-section-height-default\" data-id=\"62e28a3\" data-element_type=\"section\">\n\t\t\t\t\t\t<div class=\"elementor-container elementor-column-gap-default\">\n\t\t\t\t\t<div class=\"elementor-column elementor-col-100 elementor-top-column elementor-element elementor-element-19b95c9\" data-id=\"19b95c9\" data-element_type=\"column\">\n\t\t\t<div class=\"elementor-widget-wrap elementor-element-populated\">\n\t\t\t\t\t\t<div class=\"elementor-element elementor-element-34eb689 elementor-widget elementor-widget-image-gallery\" data-id=\"34eb689\" data-element_type=\"widget\" data-widget_type=\"image-gallery.default\">\n\t\t\t\t<div class=\"elementor-widget-container\">\n\t\t\t\t\t\t\t<div class=\"elementor-image-gallery\">\n\t\t\t<div id='gallery-1' class='gallery galleryid-35 gallery-columns-4 gallery-size-medium'><figure class='gallery-item'>\n\t\t\t<div class='gallery-icon landscape'>\n\t\t\t\t<a data-elementor-open-lightbox=\"yes\" data-elementor-lightbox-slideshow=\"34eb689\" data-elementor-lightbox-title=\"Csong-R\u00e1d-Is-Sz\u00e1m\u00edt\" data-e-action-hash=\"#elementor-action%3Aaction%3Dlightbox%26settings%3DeyJpZCI6ODUsInVybCI6Imh0dHA6XC9cL3Nlbmlvci5jc29uZ3JhZC5odVwvd29yZHByZXNzXC93cC1jb250ZW50XC91cGxvYWRzXC8yMDIwXC8wN1wvQ3NvbmctUlx1MDBlMWQtSXMtU3pcdTAwZTFtXHUwMGVkdC5wbmciLCJzbGlkZXNob3ciOiIzNGViNjg5In0%3D\" href='http:\/\/senior.csongrad.hu\/wordpress\/wp-content\/uploads\/2020\/07\/Csong-R\u00e1d-Is-Sz\u00e1m\u00edt.png'><img fetchpriority=\"high\" decoding=\"async\" width=\"300\" height=\"169\" src=\"http:\/\/senior.csongrad.hu\/wordpress\/wp-content\/uploads\/2020\/07\/Csong-R\u00e1d-Is-Sz\u00e1m\u00edt-300x169.png\" class=\"attachment-medium size-medium\" alt=\"\" srcset=\"http:\/\/senior.csongrad.hu\/wordpress\/wp-content\/uploads\/2020\/07\/Csong-R\u00e1d-Is-Sz\u00e1m\u00edt-300x169.png 300w, http:\/\/senior.csongrad.hu\/wordpress\/wp-content\/uploads\/2020\/07\/Csong-R\u00e1d-Is-Sz\u00e1m\u00edt.png 682w\" sizes=\"(max-width: 300px) 100vw, 300px\" \/><\/a>\n\t\t\t<\/div><\/figure><figure class='gallery-item'>\n\t\t\t<div class='gallery-icon landscape'>\n\t\t\t\t<a data-elementor-open-lightbox=\"yes\" data-elementor-lightbox-slideshow=\"34eb689\" data-elementor-lightbox-title=\"nea_logo k\u00e9p\" data-e-action-hash=\"#elementor-action%3Aaction%3Dlightbox%26settings%3DeyJpZCI6ODcsInVybCI6Imh0dHA6XC9cL3Nlbmlvci5jc29uZ3JhZC5odVwvd29yZHByZXNzXC93cC1jb250ZW50XC91cGxvYWRzXC8yMDIwXC8wN1wvbmVhX2xvZ28ta1x1MDBlOXAuanBnIiwic2xpZGVzaG93IjoiMzRlYjY4OSJ9\" href='http:\/\/senior.csongrad.hu\/wordpress\/wp-content\/uploads\/2020\/07\/nea_logo-k\u00e9p.jpg'><img decoding=\"async\" width=\"300\" height=\"105\" src=\"http:\/\/senior.csongrad.hu\/wordpress\/wp-content\/uploads\/2020\/07\/nea_logo-k\u00e9p-300x105.jpg\" class=\"attachment-medium size-medium\" alt=\"\" srcset=\"http:\/\/senior.csongrad.hu\/wordpress\/wp-content\/uploads\/2020\/07\/nea_logo-k\u00e9p-300x105.jpg 300w, http:\/\/senior.csongrad.hu\/wordpress\/wp-content\/uploads\/2020\/07\/nea_logo-k\u00e9p-1024x360.jpg 1024w, http:\/\/senior.csongrad.hu\/wordpress\/wp-content\/uploads\/2020\/07\/nea_logo-k\u00e9p-768x270.jpg 768w, http:\/\/senior.csongrad.hu\/wordpress\/wp-content\/uploads\/2020\/07\/nea_logo-k\u00e9p-1200x422.jpg 1200w, http:\/\/senior.csongrad.hu\/wordpress\/wp-content\/uploads\/2020\/07\/nea_logo-k\u00e9p.jpg 1260w\" sizes=\"(max-width: 300px) 100vw, 300px\" \/><\/a>\n\t\t\t<\/div><\/figure><figure class='gallery-item'>\n\t\t\t<div class='gallery-icon landscape'>\n\t\t\t\t<a data-elementor-open-lightbox=\"yes\" data-elementor-lightbox-slideshow=\"34eb689\" data-elementor-lightbox-title=\"ME_BGA\" data-e-action-hash=\"#elementor-action%3Aaction%3Dlightbox%26settings%3DeyJpZCI6ODYsInVybCI6Imh0dHA6XC9cL3Nlbmlvci5jc29uZ3JhZC5odVwvd29yZHByZXNzXC93cC1jb250ZW50XC91cGxvYWRzXC8yMDIwXC8wN1wvTUVfQkdBLnBuZyIsInNsaWRlc2hvdyI6IjM0ZWI2ODkifQ%3D%3D\" href='http:\/\/senior.csongrad.hu\/wordpress\/wp-content\/uploads\/2020\/07\/ME_BGA.png'><img decoding=\"async\" width=\"300\" height=\"121\" src=\"http:\/\/senior.csongrad.hu\/wordpress\/wp-content\/uploads\/2020\/07\/ME_BGA-300x121.png\" class=\"attachment-medium size-medium\" alt=\"\" srcset=\"http:\/\/senior.csongrad.hu\/wordpress\/wp-content\/uploads\/2020\/07\/ME_BGA-300x121.png 300w, http:\/\/senior.csongrad.hu\/wordpress\/wp-content\/uploads\/2020\/07\/ME_BGA-1024x414.png 1024w, http:\/\/senior.csongrad.hu\/wordpress\/wp-content\/uploads\/2020\/07\/ME_BGA-768x311.png 768w, http:\/\/senior.csongrad.hu\/wordpress\/wp-content\/uploads\/2020\/07\/ME_BGA-1536x621.png 1536w, http:\/\/senior.csongrad.hu\/wordpress\/wp-content\/uploads\/2020\/07\/ME_BGA-2048x828.png 2048w, http:\/\/senior.csongrad.hu\/wordpress\/wp-content\/uploads\/2020\/07\/ME_BGA-1200x485.png 1200w, http:\/\/senior.csongrad.hu\/wordpress\/wp-content\/uploads\/2020\/07\/ME_BGA-1980x801.png 1980w\" sizes=\"(max-width: 300px) 100vw, 300px\" \/><\/a>\n\t\t\t<\/div><\/figure><figure class='gallery-item'>\n\t\t\t<div class='gallery-icon landscape'>\n\t\t\t\t<a data-elementor-open-lightbox=\"yes\" data-elementor-lightbox-slideshow=\"34eb689\" data-elementor-lightbox-title=\"esza2_kicsi\" data-e-action-hash=\"#elementor-action%3Aaction%3Dlightbox%26settings%3DeyJpZCI6ODMsInVybCI6Imh0dHA6XC9cL3Nlbmlvci5jc29uZ3JhZC5odVwvd29yZHByZXNzXC93cC1jb250ZW50XC91cGxvYWRzXC8yMDIwXC8wN1wvZXN6YTJfa2ljc2kucG5nIiwic2xpZGVzaG93IjoiMzRlYjY4OSJ9\" href='http:\/\/senior.csongrad.hu\/wordpress\/wp-content\/uploads\/2020\/07\/esza2_kicsi.png'><img loading=\"lazy\" decoding=\"async\" width=\"300\" height=\"194\" src=\"http:\/\/senior.csongrad.hu\/wordpress\/wp-content\/uploads\/2020\/07\/esza2_kicsi-300x194.png\" class=\"attachment-medium size-medium\" alt=\"\" srcset=\"http:\/\/senior.csongrad.hu\/wordpress\/wp-content\/uploads\/2020\/07\/esza2_kicsi-300x194.png 300w, http:\/\/senior.csongrad.hu\/wordpress\/wp-content\/uploads\/2020\/07\/esza2_kicsi-1024x663.png 1024w, http:\/\/senior.csongrad.hu\/wordpress\/wp-content\/uploads\/2020\/07\/esza2_kicsi-768x497.png 768w, http:\/\/senior.csongrad.hu\/wordpress\/wp-content\/uploads\/2020\/07\/esza2_kicsi-1536x995.png 1536w, http:\/\/senior.csongrad.hu\/wordpress\/wp-content\/uploads\/2020\/07\/esza2_kicsi-1200x777.png 1200w, http:\/\/senior.csongrad.hu\/wordpress\/wp-content\/uploads\/2020\/07\/esza2_kicsi-1980x1282.png 1980w, http:\/\/senior.csongrad.hu\/wordpress\/wp-content\/uploads\/2020\/07\/esza2_kicsi.png 2000w\" sizes=\"(max-width: 300px) 100vw, 300px\" \/><\/a>\n\t\t\t<\/div><\/figure><figure class='gallery-item'>\n\t\t\t<div class='gallery-icon landscape'>\n\t\t\t\t<a data-elementor-open-lightbox=\"yes\" data-elementor-lightbox-slideshow=\"34eb689\" data-elementor-lightbox-title=\"esza1_kicsi\" data-e-action-hash=\"#elementor-action%3Aaction%3Dlightbox%26settings%3DeyJpZCI6ODEsInVybCI6Imh0dHA6XC9cL3Nlbmlvci5jc29uZ3JhZC5odVwvd29yZHByZXNzXC93cC1jb250ZW50XC91cGxvYWRzXC8yMDIwXC8wN1wvZXN6YTFfa2ljc2kucG5nIiwic2xpZGVzaG93IjoiMzRlYjY4OSJ9\" href='http:\/\/senior.csongrad.hu\/wordpress\/wp-content\/uploads\/2020\/07\/esza1_kicsi.png'><img loading=\"lazy\" decoding=\"async\" width=\"300\" height=\"215\" src=\"http:\/\/senior.csongrad.hu\/wordpress\/wp-content\/uploads\/2020\/07\/esza1_kicsi-300x215.png\" class=\"attachment-medium size-medium\" alt=\"\" srcset=\"http:\/\/senior.csongrad.hu\/wordpress\/wp-content\/uploads\/2020\/07\/esza1_kicsi-300x215.png 300w, http:\/\/senior.csongrad.hu\/wordpress\/wp-content\/uploads\/2020\/07\/esza1_kicsi-1024x734.png 1024w, http:\/\/senior.csongrad.hu\/wordpress\/wp-content\/uploads\/2020\/07\/esza1_kicsi-768x551.png 768w, http:\/\/senior.csongrad.hu\/wordpress\/wp-content\/uploads\/2020\/07\/esza1_kicsi-1536x1101.png 1536w, http:\/\/senior.csongrad.hu\/wordpress\/wp-content\/uploads\/2020\/07\/esza1_kicsi-1200x860.png 1200w, http:\/\/senior.csongrad.hu\/wordpress\/wp-content\/uploads\/2020\/07\/esza1_kicsi-1980x1420.png 1980w, http:\/\/senior.csongrad.hu\/wordpress\/wp-content\/uploads\/2020\/07\/esza1_kicsi.png 2000w\" sizes=\"(max-width: 300px) 100vw, 300px\" \/><\/a>\n\t\t\t<\/div><\/figure><figure class='gallery-item'>\n\t\t\t<div class='gallery-icon landscape'>\n\t\t\t\t<a data-elementor-open-lightbox=\"yes\" data-elementor-lightbox-slideshow=\"34eb689\" data-elementor-lightbox-title=\"csongr\u00e1d c\u00edmer\" data-e-action-hash=\"#elementor-action%3Aaction%3Dlightbox%26settings%3DeyJpZCI6ODQsInVybCI6Imh0dHA6XC9cL3Nlbmlvci5jc29uZ3JhZC5odVwvd29yZHByZXNzXC93cC1jb250ZW50XC91cGxvYWRzXC8yMDIwXC8wN1wvY3NvbmdyXHUwMGUxZC1jXHUwMGVkbWVyLmpwZyIsInNsaWRlc2hvdyI6IjM0ZWI2ODkifQ%3D%3D\" href='http:\/\/senior.csongrad.hu\/wordpress\/wp-content\/uploads\/2020\/07\/csongr\u00e1d-c\u00edmer.jpg'><img loading=\"lazy\" decoding=\"async\" width=\"261\" height=\"193\" src=\"http:\/\/senior.csongrad.hu\/wordpress\/wp-content\/uploads\/2020\/07\/csongr\u00e1d-c\u00edmer.jpg\" class=\"attachment-medium size-medium\" alt=\"\" \/><\/a>\n\t\t\t<\/div><\/figure><figure class='gallery-item'>\n\t\t\t<div class='gallery-icon landscape'>\n\t\t\t\t<a data-elementor-open-lightbox=\"yes\" data-elementor-lightbox-slideshow=\"34eb689\" data-elementor-lightbox-title=\"molin\u00f3\" data-e-action-hash=\"#elementor-action%3Aaction%3Dlightbox%26settings%3DeyJpZCI6MjU1LCJ1cmwiOiJodHRwOlwvXC9zZW5pb3IuY3NvbmdyYWQuaHVcL3dvcmRwcmVzc1wvd3AtY29udGVudFwvdXBsb2Fkc1wvMjAyMFwvMTBcL21vbGluby5qcGciLCJzbGlkZXNob3ciOiIzNGViNjg5In0%3D\" href='http:\/\/senior.csongrad.hu\/wordpress\/wp-content\/uploads\/2020\/10\/molino.jpg'><img loading=\"lazy\" decoding=\"async\" width=\"300\" height=\"99\" src=\"http:\/\/senior.csongrad.hu\/wordpress\/wp-content\/uploads\/2020\/10\/molino-300x99.jpg\" class=\"attachment-medium size-medium\" alt=\"\" srcset=\"http:\/\/senior.csongrad.hu\/wordpress\/wp-content\/uploads\/2020\/10\/molino-300x99.jpg 300w, http:\/\/senior.csongrad.hu\/wordpress\/wp-content\/uploads\/2020\/10\/molino-768x254.jpg 768w, http:\/\/senior.csongrad.hu\/wordpress\/wp-content\/uploads\/2020\/10\/molino.jpg 1010w\" sizes=\"(max-width: 300px) 100vw, 300px\" \/><\/a>\n\t\t\t<\/div><\/figure><figure class='gallery-item'>\n\t\t\t<div class='gallery-icon landscape'>\n\t\t\t\t<a data-elementor-open-lightbox=\"yes\" data-elementor-lightbox-slideshow=\"34eb689\" data-elementor-lightbox-title=\"MSZSZ log\u00f3\" data-e-action-hash=\"#elementor-action%3Aaction%3Dlightbox%26settings%3DeyJpZCI6MjU2LCJ1cmwiOiJodHRwOlwvXC9zZW5pb3IuY3NvbmdyYWQuaHVcL3dvcmRwcmVzc1wvd3AtY29udGVudFwvdXBsb2Fkc1wvMjAyMFwvMTBcL01TWlNaLWxvZ28uanBnIiwic2xpZGVzaG93IjoiMzRlYjY4OSJ9\" href='http:\/\/senior.csongrad.hu\/wordpress\/wp-content\/uploads\/2020\/10\/MSZSZ-logo.jpg'><img loading=\"lazy\" decoding=\"async\" width=\"300\" height=\"158\" src=\"http:\/\/senior.csongrad.hu\/wordpress\/wp-content\/uploads\/2020\/10\/MSZSZ-logo-300x158.jpg\" class=\"attachment-medium size-medium\" alt=\"\" srcset=\"http:\/\/senior.csongrad.hu\/wordpress\/wp-content\/uploads\/2020\/10\/MSZSZ-logo-300x158.jpg 300w, http:\/\/senior.csongrad.hu\/wordpress\/wp-content\/uploads\/2020\/10\/MSZSZ-logo-768x405.jpg 768w, http:\/\/senior.csongrad.hu\/wordpress\/wp-content\/uploads\/2020\/10\/MSZSZ-logo.jpg 863w\" sizes=\"(max-width: 300px) 100vw, 300px\" \/><\/a>\n\t\t\t<\/div><\/figure>\n\t\t<\/div>\n\t\t<\/div>\n\t\t\t\t\t\t<\/div>\n\t\t\t\t<\/div>\n\t\t\t\t\t<\/div>\n\t\t<\/div>\n\t\t\t\t\t<\/div>\n\t\t<\/section>\n\t\t\t\t<\/div>\n\t\t","protected":false},"excerpt":{"rendered":"<p>T\u00e1mogat\u00f3ink &nbsp; &nbsp;<\/p>\n","protected":false},"author":1,"featured_media":0,"parent":0,"menu_order":0,"comment_status":"closed","ping_status":"closed","template":"elementor_header_footer","meta":{"footnotes":""},"class_list":["post-35","page","type-page","status-publish","hentry"],"_links":{"self":[{"href":"http:\/\/senior.csongrad.hu\/wordpress\/wp-json\/wp\/v2\/pages\/35","targetHints":{"allow":["GET"]}}],"collection":[{"href":"http:\/\/senior.csongrad.hu\/wordpress\/wp-json\/wp\/v2\/pages"}],"about":[{"href":"http:\/\/senior.csongrad.hu\/wordpress\/wp-json\/wp\/v2\/types\/page"}],"author":[{"embeddable":true,"href":"http:\/\/senior.csongrad.hu\/wordpress\/wp-json\/wp\/v2\/users\/1"}],"replies":[{"embeddable":true,"href":"http:\/\/senior.csongrad.hu\/wordpress\/wp-json\/wp\/v2\/comments?post=35"}],"version-history":[{"count":8,"href":"http:\/\/senior.csongrad.hu\/wordpress\/wp-json\/wp\/v2\/pages\/35\/revisions"}],"predecessor-version":[{"id":257,"href":"http:\/\/senior.csongrad.hu\/wordpress\/wp-json\/wp\/v2\/pages\/35\/revisions\/257"}],"wp:attachment":[{"href":"http:\/\/senior.csongrad.hu\/wordpress\/wp-json\/wp\/v2\/media?parent=35"}],"curies":[{"name":"wp","href":"https:\/\/api.w.org\/{rel}","templated":true}]}}