{"id":514,"date":"2022-02-01T19:29:12","date_gmt":"2022-02-01T19:29:12","guid":{"rendered":"http:\/\/senior.csongrad.hu\/wordpress\/?page_id=514"},"modified":"2022-02-05T10:26:53","modified_gmt":"2022-02-05T10:26:53","slug":"dokumentumok","status":"publish","type":"page","link":"http:\/\/senior.csongrad.hu\/wordpress\/dokumentumok\/","title":{"rendered":"Dokumentumok"},"content":{"rendered":"\t\t<div data-elementor-type=\"wp-page\" data-elementor-id=\"514\" class=\"elementor elementor-514\">\n\t\t\t\t\t\t<section class=\"elementor-section elementor-top-section elementor-element elementor-element-cfc919b elementor-section-boxed elementor-section-height-default elementor-section-height-default\" data-id=\"cfc919b\" data-element_type=\"section\">\n\t\t\t\t\t\t<div class=\"elementor-container elementor-column-gap-default\">\n\t\t\t\t\t<div class=\"elementor-column elementor-col-100 elementor-top-column elementor-element elementor-element-8fd26e7\" data-id=\"8fd26e7\" data-element_type=\"column\">\n\t\t\t<div class=\"elementor-widget-wrap elementor-element-populated\">\n\t\t\t\t\t\t<div class=\"elementor-element elementor-element-e872bde elementor-widget elementor-widget-text-editor\" data-id=\"e872bde\" data-element_type=\"widget\" data-widget_type=\"text-editor.default\">\n\t\t\t\t<div class=\"elementor-widget-container\">\n\t\t\t\t\t\t\t\t\t<p><strong>A kett\u0151s k\u00f6nyvvitelt vezet\u0151 egy\u00e9b szervezet egyszer\u0171s\u00edtett<\/strong><br \/><strong>\u00e9ves besz\u00e1mol\u00f3ja \u00e9s k\u00f6zhaszn\u00fas\u00e1gi mell\u00e9kletek:<\/strong><\/p>\t\t\t\t\t\t\t\t<\/div>\n\t\t\t\t<\/div>\n\t\t\t\t<div class=\"elementor-element elementor-element-2def0e4 elementor-widget elementor-widget-text-editor\" data-id=\"2def0e4\" data-element_type=\"widget\" data-widget_type=\"text-editor.default\">\n\t\t\t\t<div class=\"elementor-widget-container\">\n\t\t\t\t\t\t\t\t\t<p><strong><a href=\"http:\/\/senior.csongrad.hu\/dokumentumok\/OBH_hiteles\u00edtett_k\u00f6zz\u00e9tett_2017_ \u00e9vi_egyser\u0171s\u00edtett_p\u00e9nz\u00fcgyi_besz\u00e1mol\u00f3_mell\u00e9keletkkel_CSSENIORSE.pdf\" target=\"_blank\" rel=\"noopener\" data-wplink-url-error=\"true\">2017<\/a>, <a href=\"http:\/\/senior.csongrad.hu\/dokumentumok\/OBH_hiteles\u00edtett_k\u00f6zz\u00e9tett_2018_\u00e9vi_egyszer\u0171s\u00edtett_ p\u00e9nz\u00fcgyi_besz\u00e1mol\u00f3_k\u00f6zhaszn\u00fas\u00e1gi_mell\u00e9kelettel_CSSENIORSE.pdf\" target=\"_blank\" rel=\"noopener\" data-wplink-url-error=\"true\">2018<\/a>, <a href=\"http:\/\/senior.csongrad.hu\/dokumentumok\/OBH_hiteles\u00edtett_k\u00f6zz\u00e9tett_2019_\u00e9vi_egyszer\u0171s\u00edtett_p\u00e9nz\u00fcgyi_besz\u00e1mol\u00f3_mell\u00e9keletekkel_CSSENIORSE.pdf\" target=\"_blank\" rel=\"noopener\">2019<\/a>, <a href=\"http:\/\/senior.csongrad.hu\/dokumentumok\/OBH_hiteles\u00edtett_k\u00f6zz\u00e9tett_2020_\u00e9vi_egyszer\u0171s\u00edtett_p\u00e9nz\u00fcgyi_besz\u00e1mol\u00f3_mell\u00e9kletekkel_CSSENIORSE.pdf\" target=\"_blank\" rel=\"noopener\">2020, <\/a><\/strong><a href=\"http:\/\/senior.csongrad.hu\/dokumentumok\/OHB_hiteles\u00edtett_2021_\u00e9vi_egyszer\u0171s\u00edtett_besz\u00e1mol\u00f3_let\u00e9tbehelyez\u00e9si_igazol\u00e1ssal.pdf\" target=\"_blank\" rel=\"noopener\"><strong>2021<\/strong><\/a><\/p>\t\t\t\t\t\t\t\t<\/div>\n\t\t\t\t<\/div>\n\t\t\t\t\t<\/div>\n\t\t<\/div>\n\t\t\t\t\t<\/div>\n\t\t<\/section>\n\t\t\t\t<\/div>\n\t\t","protected":false},"excerpt":{"rendered":"<p>A kett\u0151s k\u00f6nyvvitelt vezet\u0151 egy\u00e9b szervezet egyszer\u0171s\u00edtett\u00e9ves besz\u00e1mol\u00f3ja \u00e9s k\u00f6zhaszn\u00fas\u00e1gi mell\u00e9kletek: 2017, 2018, 2019, 2020, 2021<\/p>\n","protected":false},"author":1,"featured_media":0,"parent":0,"menu_order":0,"comment_status":"closed","ping_status":"closed","template":"templates\/template-full-width.php","meta":{"footnotes":""},"class_list":["post-514","page","type-page","status-publish","hentry"],"_links":{"self":[{"href":"http:\/\/senior.csongrad.hu\/wordpress\/wp-json\/wp\/v2\/pages\/514","targetHints":{"allow":["GET"]}}],"collection":[{"href":"http:\/\/senior.csongrad.hu\/wordpress\/wp-json\/wp\/v2\/pages"}],"about":[{"href":"http:\/\/senior.csongrad.hu\/wordpress\/wp-json\/wp\/v2\/types\/page"}],"author":[{"embeddable":true,"href":"http:\/\/senior.csongrad.hu\/wordpress\/wp-json\/wp\/v2\/users\/1"}],"replies":[{"embeddable":true,"href":"http:\/\/senior.csongrad.hu\/wordpress\/wp-json\/wp\/v2\/comments?post=514"}],"version-history":[{"count":13,"href":"http:\/\/senior.csongrad.hu\/wordpress\/wp-json\/wp\/v2\/pages\/514\/revisions"}],"predecessor-version":[{"id":530,"href":"http:\/\/senior.csongrad.hu\/wordpress\/wp-json\/wp\/v2\/pages\/514\/revisions\/530"}],"wp:attachment":[{"href":"http:\/\/senior.csongrad.hu\/wordpress\/wp-json\/wp\/v2\/media?parent=514"}],"curies":[{"name":"wp","href":"https:\/\/api.w.org\/{rel}","templated":true}]}}